{"id":9,"date":"2013-05-20T14:01:30","date_gmt":"2013-05-20T12:01:30","guid":{"rendered":"http:\/\/internat.zsgronowo.edu.pl\/wordpress\/?page_id=9"},"modified":"2024-01-19T00:18:21","modified_gmt":"2024-01-18T23:18:21","slug":"kontakt","status":"publish","type":"page","link":"https:\/\/internat.zsgronowo.edu.pl\/wordpress\/?page_id=9","title":{"rendered":"Kontakt"},"content":{"rendered":"<h2>Internat Zespo\u0142u Szk\u00f3\u0142, CKU w Gronowie<br \/>\nGronowo 128<br \/>\n87-162 Lubicz<\/h2>\n<p>&nbsp;<\/p>\n<p style=\"font-size: 22pt; font-weight: bold;\">(56) 678-41-18 (*327)<\/p>\n<p>&nbsp;<\/p>\n<p style=\"font-size: 22pt; font-weight: bold;\">tel. kom. 606 299 235<\/p>\n<p><a href=\"https:\/\/www.google.pl\/maps\/place\/Internat+Zespo%C5%82u+Szk%C3%B3%C5%82,+Centrum+Kszta%C5%82cenia+Ustawicznego+w+Gronowie\/@53.1018155,18.7925813,17z\/data=!3m1!4b1!4m6!3m5!1s0x471ccd85b4b8b599:0x6f67573f87ab60c2!8m2!3d53.1018123!4d18.7951562!16s%2Fg%2F11l30sp9c6?entry=ttu\">-Jak dojecha\u0107 (stosuj si\u0119 do instrukcji)<\/a><\/p>\n<p><iframe loading=\"lazy\" src=\"http:\/\/maps.google.pl\/maps?f=q&amp;source=s_q&amp;hl=pl&amp;geocode=&amp;q=Gronowo&amp;aq=&amp;sll=53.064326,18.701477&amp;sspn=0.202183,0.617294&amp;gl=pl&amp;ie=UTF8&amp;hq=&amp;hnear=Gronowo,+Toru%C5%84ski,+Kujawsko-Pomorskie&amp;ll=53.103062,18.790454&amp;spn=0.202274,0.617294&amp;z=11&amp;output=embed\" width=\"650\" height=\"400\" frameborder=\"0\" marginwidth=\"0\" marginheight=\"0\" scrolling=\"no\"><\/iframe><br \/>\n<small><\/small><\/p>\n<h2>INFORMACJE DOTYCZ\u0104CE P\u0141ATNO\u015aCI<\/h2>\n<p>Op\u0142aty za wy\u017cywienie w internacie mo\u017cna dokonywa\u0107 na podany nr konta:<\/p>\n<p>Santander Bank Polska S.A. 70 1090 1506 0000 0001 5143 8034<\/p>\n","protected":false},"excerpt":{"rendered":"<p>Internat Zespo\u0142u Szk\u00f3\u0142, CKU w Gronowie Gronowo 128 87-162 Lubicz &nbsp; (56) 678-41-18 (*327) &nbsp; tel. kom. 606 299 235 -Jak dojecha\u0107 (stosuj si\u0119 do instrukcji) INFORMACJE DOTYCZ\u0104CE P\u0141ATNO\u015aCI Op\u0142aty za wy\u017cywienie w internacie mo\u017cna dokonywa\u0107 na podany nr konta: Santander Bank Polska S.A. 70 1090 1506 0000 0001 5143 8034<\/p>\n","protected":false},"author":1,"featured_media":0,"parent":0,"menu_order":0,"comment_status":"closed","ping_status":"open","template":"","meta":{"footnotes":""},"class_list":["post-9","page","type-page","status-publish","hentry"],"_links":{"self":[{"href":"https:\/\/internat.zsgronowo.edu.pl\/wordpress\/index.php?rest_route=\/wp\/v2\/pages\/9","targetHints":{"allow":["GET"]}}],"collection":[{"href":"https:\/\/internat.zsgronowo.edu.pl\/wordpress\/index.php?rest_route=\/wp\/v2\/pages"}],"about":[{"href":"https:\/\/internat.zsgronowo.edu.pl\/wordpress\/index.php?rest_route=\/wp\/v2\/types\/page"}],"author":[{"embeddable":true,"href":"https:\/\/internat.zsgronowo.edu.pl\/wordpress\/index.php?rest_route=\/wp\/v2\/users\/1"}],"replies":[{"embeddable":true,"href":"https:\/\/internat.zsgronowo.edu.pl\/wordpress\/index.php?rest_route=%2Fwp%2Fv2%2Fcomments&post=9"}],"version-history":[{"count":13,"href":"https:\/\/internat.zsgronowo.edu.pl\/wordpress\/index.php?rest_route=\/wp\/v2\/pages\/9\/revisions"}],"predecessor-version":[{"id":4660,"href":"https:\/\/internat.zsgronowo.edu.pl\/wordpress\/index.php?rest_route=\/wp\/v2\/pages\/9\/revisions\/4660"}],"wp:attachment":[{"href":"https:\/\/internat.zsgronowo.edu.pl\/wordpress\/index.php?rest_route=%2Fwp%2Fv2%2Fmedia&parent=9"}],"curies":[{"name":"wp","href":"https:\/\/api.w.org\/{rel}","templated":true}]}}