{"id":186,"date":"2013-09-03T14:37:42","date_gmt":"2013-09-03T12:37:42","guid":{"rendered":"http:\/\/internat.zsgronowo.edu.pl\/wordpress\/?page_id=186"},"modified":"2025-11-18T23:03:53","modified_gmt":"2025-11-18T22:03:53","slug":"informacje","status":"publish","type":"page","link":"https:\/\/internat.zsgronowo.edu.pl\/wordpress\/?page_id=186","title":{"rendered":"Informacje"},"content":{"rendered":"<h1><span style=\"color: #0000ff;\"><b>Zapraszamy!<\/b><\/span><\/h1>\n<p>Zapraszamy wszystkich ch\u0119tnych uczni\u00f3w do zamieszkania w internacie Zespo\u0142u Szk\u00f3\u0142 Centrum Kszta\u0142cenia Ustawicznego w Gronowie. Warto podkre\u015bli\u0107, \u017ce pobyt w internacie jest bezp\u0142atny.<\/p>\n<h2><strong><span style=\"color: #0000ff;\">Oferujemy:<\/span><\/strong><\/h2>\n<ul>\n<li>komfortowe warunki mieszkaniowe<\/li>\n<li>internet bezprzewodowy<\/li>\n<li>nowoczesny sprz\u0119t audiowizualny w sali telewizyjnej<\/li>\n<li>5 stanowisk w pracowni komputerowej \/Bilarda<\/li>\n<li>\u015bwietlice oraz pokoje cichej nauki na ka\u017cdym pi\u0119trze<\/li>\n<li>mo\u017cliwo\u015b\u0107 rozwijania swoich zainteresowa\u0144 i hobby poprzez organizowanie imprez i uroczysto\u015bci kulturalnych, takich jak: Dzie\u0144 Ch\u0142opaka, Otrz\u0119siny klas I, Andrzejki, Jase\u0142ka Bo\u017conarodzeniowe, Wigilie grupowe, Walentynki, Dzie\u0144 Kobiet, Po\u017cegnanie Absolwent\u00f3w, Dzie\u0144 Wychowanka Internatu oraz dyskoteki.<\/li>\n<\/ul>\n<h2><strong><span style=\"color: #0000ff;\">Nasza Kadra:<\/span><\/strong><\/h2>\n<p>Kadr\u0119 pedagogiczn\u0105 stanowi siedmiu Wychowawc\u00f3w oraz Kierownik Internatu. Wszyscy s\u0105 przyja\u017anie nastawieni do m\u0142odych ludzi. Zawsze s\u0142u\u017c\u0105 im dobr\u0105 rad\u0105, pomoc\u0105 i wsparciem. Uczniowie maj\u0105cy trudno\u015bci w nauce mog\u0105 liczy\u0107 na pomoc kole\u017ce\u0144sk\u0105 i wsparcie ze strony wychowawc\u00f3w. Ka\u017cdy Wychowanek ma zapewnione zdrowie i smaczne posi\u0142ki &#8211; stawka dzienna \u017cywieniowa wynosi 15 z\u0142. W internacie panuje atmosfera \u017cyczliwo\u015bci i wyrozumia\u0142o\u015bci. Internat jest czynny od niedzieli (godz. 15:00) do pi\u0105tku (godz. 18:00).<\/p>\n<h4><strong>KIEROWNIK I WYCHOWAWCY INTERNATU<\/strong><\/h4>\n","protected":false},"excerpt":{"rendered":"<p>Zapraszamy! Zapraszamy wszystkich ch\u0119tnych uczni\u00f3w do zamieszkania w internacie Zespo\u0142u Szk\u00f3\u0142 Centrum Kszta\u0142cenia Ustawicznego w Gronowie. Warto podkre\u015bli\u0107, \u017ce pobyt w internacie jest bezp\u0142atny. Oferujemy: komfortowe warunki mieszkaniowe internet bezprzewodowy nowoczesny sprz\u0119t audiowizualny w sali telewizyjnej 5 stanowisk w pracowni komputerowej \/Bilarda \u015bwietlice oraz pokoje cichej nauki na ka\u017cdym pi\u0119trze mo\u017cliwo\u015b\u0107 rozwijania swoich zainteresowa\u0144 i [&hellip;]<\/p>\n","protected":false},"author":1,"featured_media":0,"parent":0,"menu_order":0,"comment_status":"closed","ping_status":"open","template":"","meta":{"footnotes":""},"class_list":["post-186","page","type-page","status-publish","hentry"],"_links":{"self":[{"href":"https:\/\/internat.zsgronowo.edu.pl\/wordpress\/index.php?rest_route=\/wp\/v2\/pages\/186","targetHints":{"allow":["GET"]}}],"collection":[{"href":"https:\/\/internat.zsgronowo.edu.pl\/wordpress\/index.php?rest_route=\/wp\/v2\/pages"}],"about":[{"href":"https:\/\/internat.zsgronowo.edu.pl\/wordpress\/index.php?rest_route=\/wp\/v2\/types\/page"}],"author":[{"embeddable":true,"href":"https:\/\/internat.zsgronowo.edu.pl\/wordpress\/index.php?rest_route=\/wp\/v2\/users\/1"}],"replies":[{"embeddable":true,"href":"https:\/\/internat.zsgronowo.edu.pl\/wordpress\/index.php?rest_route=%2Fwp%2Fv2%2Fcomments&post=186"}],"version-history":[{"count":13,"href":"https:\/\/internat.zsgronowo.edu.pl\/wordpress\/index.php?rest_route=\/wp\/v2\/pages\/186\/revisions"}],"predecessor-version":[{"id":5205,"href":"https:\/\/internat.zsgronowo.edu.pl\/wordpress\/index.php?rest_route=\/wp\/v2\/pages\/186\/revisions\/5205"}],"wp:attachment":[{"href":"https:\/\/internat.zsgronowo.edu.pl\/wordpress\/index.php?rest_route=%2Fwp%2Fv2%2Fmedia&parent=186"}],"curies":[{"name":"wp","href":"https:\/\/api.w.org\/{rel}","templated":true}]}}