{"id":1221,"date":"2017-01-04T11:47:51","date_gmt":"2017-01-04T10:47:51","guid":{"rendered":"http:\/\/internat.zsgronowo.edu.pl\/wordpress\/?page_id=1221"},"modified":"2023-11-23T23:30:05","modified_gmt":"2023-11-23T22:30:05","slug":"stolowka","status":"publish","type":"page","link":"https:\/\/internat.zsgronowo.edu.pl\/wordpress\/?page_id=1221","title":{"rendered":"Sto\u0142\u00f3wka &#8211; regulamin korzystania"},"content":{"rendered":"<p><a href=\"https:\/\/internat.zsgronowo.edu.pl\/wordpress\/wp-content\/uploads\/2023\/11\/regulamin-korzystania-ze-sto\u0142\u00f3wki-poprawka.docx\">regulamin korzystania ze sto\u0142\u00f3wki-poprawka<\/a><br \/>\n<!--\n&nbsp;\n\n\n<p style=\"text-align: center;\">Informujemy, \u017ce op\u0142aty za wy\u017cywienie mog\u0105 by\u0107 dokonywane bezpo\u015brednio\n\n\n<p style=\"text-align: center;\">na konto o numerze<\/p>\n\n\n&nbsp;\n\n\n<p style=\"text-align: center;\"><strong>\u00a0 \u00a0 \u00a0 KDBS O\/Toru\u0144 81 9550 0003 2024 0201 1428 0004<\/strong><\/p>\n\n\n&nbsp;\n\n<a href=\"https:\/\/internat.zsgronowo.edu.pl\/wordpress\/wp-content\/uploads\/2021\/08\/regulamin-korzystania-ze-sto\u0142\u00f3wki-Z.Sz_.-CKU-w-Gronowie-zmiana-1.docx\">regulamin korzystania ze sto\u0142\u00f3wki Z.Sz. CKU w Gronowie -zmiana (1)<\/a>\n\n<a href=\"https:\/\/internat.zsgronowo.edu.pl\/wordpress\/wp-content\/uploads\/2021\/08\/Zasady-korzystania-ze-sto\u0142\u00f3wki-szkolnej.docx\">Zasady korzystania ze sto\u0142\u00f3wki szkolnej<\/a>\n\n<a href=\"https:\/\/internat.zsgronowo.edu.pl\/wordpress\/wp-content\/uploads\/2021\/08\/Karta-odwo\u0142a\u0144-posi\u0142k\u00f3w.docx\">Karta odwo\u0142a\u0144 posi\u0142k\u00f3w<\/a>\n--><\/p>\n","protected":false},"excerpt":{"rendered":"<p>regulamin korzystania ze sto\u0142\u00f3wki-poprawka<\/p>\n","protected":false},"author":1,"featured_media":0,"parent":0,"menu_order":0,"comment_status":"closed","ping_status":"closed","template":"","meta":{"footnotes":""},"class_list":["post-1221","page","type-page","status-publish","hentry"],"_links":{"self":[{"href":"https:\/\/internat.zsgronowo.edu.pl\/wordpress\/index.php?rest_route=\/wp\/v2\/pages\/1221","targetHints":{"allow":["GET"]}}],"collection":[{"href":"https:\/\/internat.zsgronowo.edu.pl\/wordpress\/index.php?rest_route=\/wp\/v2\/pages"}],"about":[{"href":"https:\/\/internat.zsgronowo.edu.pl\/wordpress\/index.php?rest_route=\/wp\/v2\/types\/page"}],"author":[{"embeddable":true,"href":"https:\/\/internat.zsgronowo.edu.pl\/wordpress\/index.php?rest_route=\/wp\/v2\/users\/1"}],"replies":[{"embeddable":true,"href":"https:\/\/internat.zsgronowo.edu.pl\/wordpress\/index.php?rest_route=%2Fwp%2Fv2%2Fcomments&post=1221"}],"version-history":[{"count":25,"href":"https:\/\/internat.zsgronowo.edu.pl\/wordpress\/index.php?rest_route=\/wp\/v2\/pages\/1221\/revisions"}],"predecessor-version":[{"id":3769,"href":"https:\/\/internat.zsgronowo.edu.pl\/wordpress\/index.php?rest_route=\/wp\/v2\/pages\/1221\/revisions\/3769"}],"wp:attachment":[{"href":"https:\/\/internat.zsgronowo.edu.pl\/wordpress\/index.php?rest_route=%2Fwp%2Fv2%2Fmedia&parent=1221"}],"curies":[{"name":"wp","href":"https:\/\/api.w.org\/{rel}","templated":true}]}}